{"id":4174,"date":"2021-10-25T15:42:03","date_gmt":"2021-10-25T13:42:03","guid":{"rendered":"https:\/\/rencontresdecalenzana.fr\/?page_id=4174"},"modified":"2025-04-14T11:47:00","modified_gmt":"2025-04-14T09:47:00","slug":"ritratti-musical-rmcc-les-rencontres-de-calenzana-artistes-masterclaaa-academies-musique-classique-contemporaine-corse","status":"publish","type":"page","link":"https:\/\/rencontresdecalenzana.fr\/index.php\/ritratti-musical-rmcc-les-rencontres-de-calenzana-artistes-masterclaaa-academies-musique-classique-contemporaine-corse\/","title":{"rendered":"Ritratti"},"content":{"rendered":"\t\t<div data-elementor-type=\"wp-page\" data-elementor-id=\"4174\" class=\"elementor elementor-4174\">\n\t\t\t\t\t\t<section class=\"elementor-section elementor-top-section elementor-element elementor-element-0c9fae1 elementor-section-boxed elementor-section-height-default elementor-section-height-default parallax_section_no qode_elementor_container_no\" data-id=\"0c9fae1\" data-element_type=\"section\" data-e-type=\"section\">\n\t\t\t\t\t\t<div class=\"elementor-container elementor-column-gap-default\">\n\t\t\t\t\t<div class=\"elementor-column elementor-col-100 elementor-top-column elementor-element elementor-element-c2a1f2a\" data-id=\"c2a1f2a\" data-element_type=\"column\" data-e-type=\"column\">\n\t\t\t<div class=\"elementor-widget-wrap elementor-element-populated\">\n\t\t\t\t\t\t<div class=\"elementor-element elementor-element-fbdd5c0 elementor-widget elementor-widget-text-editor\" data-id=\"fbdd5c0\" data-element_type=\"widget\" data-e-type=\"widget\" data-widget_type=\"text-editor.default\">\n\t\t\t\t<div class=\"elementor-widget-container\">\n\t\t\t\t\t\t\t\t\t<h2 id=\"galerie\">Galerie<\/h2>\t\t\t\t\t\t\t\t<\/div>\n\t\t\t\t<\/div>\n\t\t\t\t<div class=\"elementor-element elementor-element-4082590 elementor-widget-divider--view-line elementor-widget elementor-widget-divider\" data-id=\"4082590\" data-element_type=\"widget\" data-e-type=\"widget\" data-widget_type=\"divider.default\">\n\t\t\t\t<div class=\"elementor-widget-container\">\n\t\t\t\t\t\t\t<div class=\"elementor-divider\">\n\t\t\t<span class=\"elementor-divider-separator\">\n\t\t\t\t\t\t<\/span>\n\t\t<\/div>\n\t\t\t\t\t\t<\/div>\n\t\t\t\t<\/div>\n\t\t\t\t<div class=\"elementor-element elementor-element-653653d elementor-widget elementor-widget-text-editor\" data-id=\"653653d\" data-element_type=\"widget\" data-e-type=\"widget\" data-widget_type=\"text-editor.default\">\n\t\t\t\t<div class=\"elementor-widget-container\">\n\t\t\t\t\t\t\t\t\t<p>La galerie Musical RMCC revient en images sur les \u00e9v\u00e9nements organis\u00e9s par l&rsquo;association : le festival Invernale, les acad\u00e9mies de musique \u00e0 l&rsquo;image et musique classique, la master-class son et enregistrement et le festival Les rencontres de Calenzana !<\/p><p>Vous trouverez aussi ici les\u00a0 artistes re\u00e7u par l&rsquo;association au fil des ans&#8230;<\/p>\t\t\t\t\t\t\t\t<\/div>\n\t\t\t\t<\/div>\n\t\t\t\t<div class=\"elementor-element elementor-element-e250c90 elementor-widget-divider--separator-type-pattern elementor-widget-divider--no-spacing elementor-widget-divider--view-line elementor-widget elementor-widget-divider\" data-id=\"e250c90\" data-element_type=\"widget\" data-e-type=\"widget\" data-widget_type=\"divider.default\">\n\t\t\t\t<div class=\"elementor-widget-container\">\n\t\t\t\t\t\t\t<div class=\"elementor-divider\" style=\"--divider-pattern-url: url(&quot;data:image\/svg+xml,%3Csvg xmlns=&#039;http:\/\/www.w3.org\/2000\/svg&#039; preserveAspectRatio=&#039;xMidYMid meet&#039; overflow=&#039;visible&#039; height=&#039;100%&#039; viewBox=&#039;0 0 126 26&#039; fill=&#039;black&#039; stroke=&#039;none&#039;%3E%3Cpath d=&#039;M10.7,6l2.5,2.6l-4,4.3l4,5.4l-2.5,1.9l-4.5-5.2l-3.9,4.2L0.7,17L4,13.1L0,8.6l2.3-1.3l3.9,3.9L10.7,6z M23.9,6.6l4.2,4.5L32,7.2l2.3,1.3l-4,4.5l3.2,3.9L32,19.1l-3.9-3.3l-4.5,4.3l-2.5-1.9l4.4-5.1l-4.2-3.9L23.9,6.6zM73.5,6L76,8.6l-4,4.3l4,5.4l-2.5,1.9l-4.5-5.2l-3.9,4.2L63.5,17l4.1-4.7L63.5,8l2.3-1.3l4.1,3.6L73.5,6z M94,6l2.5,2.6l-4,4.3l4,5.4L94,20.1l-3.9-5l-3.9,4.2L84,17l3.2-3.9L84,8.6l2.3-1.3l3.2,3.9L94,6z M106.9,6l4.5,5.1l3.9-3.9l2.3,1.3l-4,4.5l3.2,3.9l-1.6,2.1l-3.9-4.2l-4.5,5.2l-2.5-1.9l4-5.4l-4-4.3L106.9,6z M53.1,6l2.5,2.6l-4,4.3l4,4.6l-2.5,1.9l-4.5-4.5l-3.5,4.5L43.1,17l3.2-3.9l-4-4.5l2.3-1.3l3.9,3.9L53.1,6z&#039;\/%3E%3C\/svg%3E&quot;);\">\n\t\t\t<span class=\"elementor-divider-separator\">\n\t\t\t\t\t\t<\/span>\n\t\t<\/div>\n\t\t\t\t\t\t<\/div>\n\t\t\t\t<\/div>\n\t\t\t\t<div class=\"elementor-element elementor-element-023c15e elementor-widget elementor-widget-heading\" data-id=\"023c15e\" data-element_type=\"widget\" data-e-type=\"widget\" data-widget_type=\"heading.default\">\n\t\t\t\t<div class=\"elementor-widget-container\">\n\t\t\t\t\t<h2 id=\"les-artistes\" class=\"elementor-heading-title elementor-size-default\">les artistes<\/h2>\t\t\t\t<\/div>\n\t\t\t\t<\/div>\n\t\t\t\t<div class=\"elementor-element elementor-element-b6972ec elementor-cta--skin-cover elementor-animated-content elementor-bg-transform elementor-bg-transform-zoom-in elementor-widget elementor-widget-call-to-action\" data-id=\"b6972ec\" data-element_type=\"widget\" data-e-type=\"widget\" data-widget_type=\"call-to-action.default\">\n\t\t\t\t<div class=\"elementor-widget-container\">\n\t\t\t\t\t\t\t<div class=\"elementor-cta\">\n\t\t\t\t\t<div class=\"elementor-cta__bg-wrapper\">\n\t\t\t\t<div class=\"elementor-cta__bg elementor-bg\" style=\"background-image: url(https:\/\/rencontresdecalenzana.fr\/wp-content\/uploads\/2021\/10\/ales4saisonscostaLRDC519082021-scaled.jpg);\"><\/div>\n\t\t\t\t<div class=\"elementor-cta__bg-overlay\"><\/div>\n\t\t\t<\/div>\n\t\t\t\t\t\t\t<div class=\"elementor-cta__content\">\n\t\t\t\t\n\t\t\t\t\n\t\t\t\t\n\t\t\t\t\t\t\t\t\t<div class=\"elementor-cta__button-wrapper elementor-cta__content-item elementor-content-item elementor-animated-item--grow\">\n\t\t\t\t\t<a class=\"elementor-cta__button elementor-button elementor-size-md\" href=\"https:\/\/rencontresdecalenzana.fr\/index.php\/galerie-lartisti\/\">\n\t\t\t\t\t\tVOIR LA GALERIE\t\t\t\t\t<\/a>\n\t\t\t\t\t<\/div>\n\t\t\t\t\t\t\t<\/div>\n\t\t\t\t\t\t<\/div>\n\t\t\t\t\t\t<\/div>\n\t\t\t\t<\/div>\n\t\t\t\t<div class=\"elementor-element elementor-element-754d7f3 elementor-widget-divider--separator-type-pattern elementor-widget-divider--no-spacing elementor-widget-divider--view-line elementor-widget elementor-widget-divider\" data-id=\"754d7f3\" data-element_type=\"widget\" data-e-type=\"widget\" data-widget_type=\"divider.default\">\n\t\t\t\t<div class=\"elementor-widget-container\">\n\t\t\t\t\t\t\t<div class=\"elementor-divider\" style=\"--divider-pattern-url: url(&quot;data:image\/svg+xml,%3Csvg xmlns=&#039;http:\/\/www.w3.org\/2000\/svg&#039; preserveAspectRatio=&#039;xMidYMid meet&#039; overflow=&#039;visible&#039; height=&#039;100%&#039; viewBox=&#039;0 0 126 26&#039; fill=&#039;black&#039; stroke=&#039;none&#039;%3E%3Cpath d=&#039;M10.7,6l2.5,2.6l-4,4.3l4,5.4l-2.5,1.9l-4.5-5.2l-3.9,4.2L0.7,17L4,13.1L0,8.6l2.3-1.3l3.9,3.9L10.7,6z M23.9,6.6l4.2,4.5L32,7.2l2.3,1.3l-4,4.5l3.2,3.9L32,19.1l-3.9-3.3l-4.5,4.3l-2.5-1.9l4.4-5.1l-4.2-3.9L23.9,6.6zM73.5,6L76,8.6l-4,4.3l4,5.4l-2.5,1.9l-4.5-5.2l-3.9,4.2L63.5,17l4.1-4.7L63.5,8l2.3-1.3l4.1,3.6L73.5,6z M94,6l2.5,2.6l-4,4.3l4,5.4L94,20.1l-3.9-5l-3.9,4.2L84,17l3.2-3.9L84,8.6l2.3-1.3l3.2,3.9L94,6z M106.9,6l4.5,5.1l3.9-3.9l2.3,1.3l-4,4.5l3.2,3.9l-1.6,2.1l-3.9-4.2l-4.5,5.2l-2.5-1.9l4-5.4l-4-4.3L106.9,6z M53.1,6l2.5,2.6l-4,4.3l4,4.6l-2.5,1.9l-4.5-4.5l-3.5,4.5L43.1,17l3.2-3.9l-4-4.5l2.3-1.3l3.9,3.9L53.1,6z&#039;\/%3E%3C\/svg%3E&quot;);\">\n\t\t\t<span class=\"elementor-divider-separator\">\n\t\t\t\t\t\t<\/span>\n\t\t<\/div>\n\t\t\t\t\t\t<\/div>\n\t\t\t\t<\/div>\n\t\t\t\t<div class=\"elementor-element elementor-element-de4d7d2 elementor-widget elementor-widget-heading\" data-id=\"de4d7d2\" data-element_type=\"widget\" data-e-type=\"widget\" data-widget_type=\"heading.default\">\n\t\t\t\t<div class=\"elementor-widget-container\">\n\t\t\t\t\t<h2 id=\"les-rencontres-de-calenzana\" class=\"elementor-heading-title elementor-size-default\">Les rencontres de Calenzana<\/h2>\t\t\t\t<\/div>\n\t\t\t\t<\/div>\n\t\t\t\t\t<\/div>\n\t\t<\/div>\n\t\t\t\t\t<\/div>\n\t\t<\/section>\n\t\t\t\t<section class=\"elementor-section elementor-top-section elementor-element elementor-element-02ffdff elementor-section-boxed elementor-section-height-default elementor-section-height-default parallax_section_no qode_elementor_container_no\" data-id=\"02ffdff\" data-element_type=\"section\" data-e-type=\"section\">\n\t\t\t\t\t\t<div class=\"elementor-container elementor-column-gap-default\">\n\t\t\t\t\t<div class=\"elementor-column elementor-col-33 elementor-top-column elementor-element elementor-element-ae3b9bf\" data-id=\"ae3b9bf\" data-element_type=\"column\" data-e-type=\"column\">\n\t\t\t<div class=\"elementor-widget-wrap elementor-element-populated\">\n\t\t\t\t\t\t<div class=\"elementor-element elementor-element-1baaa10 elementor-cta--skin-classic elementor-animated-content elementor-bg-transform elementor-bg-transform-zoom-in elementor-widget elementor-widget-call-to-action\" data-id=\"1baaa10\" data-element_type=\"widget\" data-e-type=\"widget\" data-widget_type=\"call-to-action.default\">\n\t\t\t\t<div class=\"elementor-widget-container\">\n\t\t\t\t\t\t\t<a class=\"elementor-cta\" href=\"https:\/\/rencontresdecalenzana.fr\/index.php\/les-rencontres-de-calenzana-2024\/\">\n\t\t\t\t\t<div class=\"elementor-cta__bg-wrapper\">\n\t\t\t\t<div class=\"elementor-cta__bg elementor-bg\" style=\"background-image: url(https:\/\/rencontresdecalenzana.fr\/wp-content\/uploads\/2025\/04\/aLRDC12719082024-1024x771.jpg);\"><\/div>\n\t\t\t\t<div class=\"elementor-cta__bg-overlay\"><\/div>\n\t\t\t<\/div>\n\t\t\t\t\t\t\t<div class=\"elementor-cta__content\">\n\t\t\t\t\n\t\t\t\t<h2 id=\"les-rencontres-de-calenzana-2\" class=\"elementor-cta__title elementor-cta__content-item elementor-content-item\">Les rencontres de calenzana<\/h2>\n\t\t\t\t\t\t\t\t\t<div class=\"elementor-cta__description elementor-cta__content-item elementor-content-item\">\n\t\t\t\t\t\t24e \u00e9dition \t\t\t\t\t<\/div>\n\t\t\t\t\n\t\t\t\t\t\t\t\t\t<div class=\"elementor-cta__button-wrapper elementor-cta__content-item elementor-content-item \">\n\t\t\t\t\t<span class=\"elementor-cta__button elementor-button elementor-size-sm\">\n\t\t\t\t\t\tVOIR LA GALERIE\t\t\t\t\t<\/span>\n\t\t\t\t\t<\/div>\n\t\t\t\t\t\t\t<\/div>\n\t\t\t\t\t\t<\/a>\n\t\t\t\t\t\t<\/div>\n\t\t\t\t<\/div>\n\t\t\t\t\t<\/div>\n\t\t<\/div>\n\t\t\t\t<div class=\"elementor-column elementor-col-33 elementor-top-column elementor-element elementor-element-6129b99\" data-id=\"6129b99\" data-element_type=\"column\" data-e-type=\"column\">\n\t\t\t<div class=\"elementor-widget-wrap\">\n\t\t\t\t\t\t\t<\/div>\n\t\t<\/div>\n\t\t\t\t<div class=\"elementor-column elementor-col-33 elementor-top-column elementor-element elementor-element-ce91015\" data-id=\"ce91015\" data-element_type=\"column\" data-e-type=\"column\">\n\t\t\t<div class=\"elementor-widget-wrap\">\n\t\t\t\t\t\t\t<\/div>\n\t\t<\/div>\n\t\t\t\t\t<\/div>\n\t\t<\/section>\n\t\t\t\t<section class=\"elementor-section elementor-top-section elementor-element elementor-element-9922353 elementor-section-boxed elementor-section-height-default elementor-section-height-default parallax_section_no qode_elementor_container_no\" data-id=\"9922353\" data-element_type=\"section\" data-e-type=\"section\">\n\t\t\t\t\t\t<div class=\"elementor-container elementor-column-gap-default\">\n\t\t\t\t\t<div class=\"elementor-column elementor-col-100 elementor-top-column elementor-element elementor-element-a0e13fb\" data-id=\"a0e13fb\" data-element_type=\"column\" data-e-type=\"column\">\n\t\t\t<div class=\"elementor-widget-wrap elementor-element-populated\">\n\t\t\t\t\t\t<div class=\"elementor-element elementor-element-1e7845e elementor-widget-divider--separator-type-pattern elementor-widget-divider--no-spacing elementor-widget-divider--view-line elementor-widget elementor-widget-divider\" data-id=\"1e7845e\" data-element_type=\"widget\" data-e-type=\"widget\" data-widget_type=\"divider.default\">\n\t\t\t\t<div class=\"elementor-widget-container\">\n\t\t\t\t\t\t\t<div class=\"elementor-divider\" style=\"--divider-pattern-url: url(&quot;data:image\/svg+xml,%3Csvg xmlns=&#039;http:\/\/www.w3.org\/2000\/svg&#039; preserveAspectRatio=&#039;xMidYMid meet&#039; overflow=&#039;visible&#039; height=&#039;100%&#039; viewBox=&#039;0 0 126 26&#039; fill=&#039;black&#039; stroke=&#039;none&#039;%3E%3Cpath d=&#039;M10.7,6l2.5,2.6l-4,4.3l4,5.4l-2.5,1.9l-4.5-5.2l-3.9,4.2L0.7,17L4,13.1L0,8.6l2.3-1.3l3.9,3.9L10.7,6z M23.9,6.6l4.2,4.5L32,7.2l2.3,1.3l-4,4.5l3.2,3.9L32,19.1l-3.9-3.3l-4.5,4.3l-2.5-1.9l4.4-5.1l-4.2-3.9L23.9,6.6zM73.5,6L76,8.6l-4,4.3l4,5.4l-2.5,1.9l-4.5-5.2l-3.9,4.2L63.5,17l4.1-4.7L63.5,8l2.3-1.3l4.1,3.6L73.5,6z M94,6l2.5,2.6l-4,4.3l4,5.4L94,20.1l-3.9-5l-3.9,4.2L84,17l3.2-3.9L84,8.6l2.3-1.3l3.2,3.9L94,6z M106.9,6l4.5,5.1l3.9-3.9l2.3,1.3l-4,4.5l3.2,3.9l-1.6,2.1l-3.9-4.2l-4.5,5.2l-2.5-1.9l4-5.4l-4-4.3L106.9,6z M53.1,6l2.5,2.6l-4,4.3l4,4.6l-2.5,1.9l-4.5-4.5l-3.5,4.5L43.1,17l3.2-3.9l-4-4.5l2.3-1.3l3.9,3.9L53.1,6z&#039;\/%3E%3C\/svg%3E&quot;);\">\n\t\t\t<span class=\"elementor-divider-separator\">\n\t\t\t\t\t\t<\/span>\n\t\t<\/div>\n\t\t\t\t\t\t<\/div>\n\t\t\t\t<\/div>\n\t\t\t\t\t<\/div>\n\t\t<\/div>\n\t\t\t\t\t<\/div>\n\t\t<\/section>\n\t\t\t\t<\/div>\n\t\t","protected":false},"excerpt":{"rendered":"<p>Galerie La galerie Musical RMCC revient en images sur les \u00e9v\u00e9nements organis\u00e9s par l&rsquo;association : le festival Invernale, les acad\u00e9mies de musique \u00e0 l&rsquo;image et musique classique, la master-class son et enregistrement et le festival Les rencontres de Calenzana ! Vous trouverez aussi ici les\u00a0&#8230;<\/p>\n","protected":false},"author":2,"featured_media":0,"parent":0,"menu_order":0,"comment_status":"closed","ping_status":"closed","template":"","meta":{"_eb_attr":"","_monsterinsights_skip_tracking":false,"_monsterinsights_sitenote_active":false,"_monsterinsights_sitenote_note":"","_monsterinsights_sitenote_category":0,"footnotes":""},"class_list":["post-4174","page","type-page","status-publish","hentry"],"yoast_head":"<!-- This site is optimized with the Yoast SEO plugin v27.4 - https:\/\/yoast.com\/product\/yoast-seo-wordpress\/ -->\n<title>Rencontres de Calenzana - Ritratti<\/title>\n<meta name=\"description\" content=\"RITRATTI-Musical-Rmcc : les photos des artistes, des master-class, acad\u00e9mies et festival Invernale et Les Rencontres de Calenzana !\" \/>\n<meta name=\"robots\" content=\"index, follow, max-snippet:-1, max-image-preview:large, max-video-preview:-1\" \/>\n<link rel=\"canonical\" href=\"https:\/\/rencontresdecalenzana.fr\/index.php\/ritratti-musical-rmcc-les-rencontres-de-calenzana-artistes-masterclaaa-academies-musique-classique-contemporaine-corse\/\" \/>\n<meta property=\"og:locale\" content=\"fr_FR\" \/>\n<meta property=\"og:type\" content=\"article\" \/>\n<meta property=\"og:title\" content=\"Rencontres de Calenzana - Ritratti\" \/>\n<meta property=\"og:description\" content=\"RITRATTI-Musical-Rmcc : les photos des artistes, des master-class, acad\u00e9mies et festival Invernale et Les Rencontres de Calenzana !\" \/>\n<meta property=\"og:url\" content=\"https:\/\/rencontresdecalenzana.fr\/index.php\/ritratti-musical-rmcc-les-rencontres-de-calenzana-artistes-masterclaaa-academies-musique-classique-contemporaine-corse\/\" \/>\n<meta property=\"og:site_name\" content=\"Rencontres de Calenzana\" \/>\n<meta property=\"article:modified_time\" content=\"2025-04-14T09:47:00+00:00\" \/>\n<meta name=\"twitter:card\" content=\"summary_large_image\" \/>\n<meta name=\"twitter:label1\" content=\"Dur\u00e9e de lecture estim\u00e9e\" \/>\n\t<meta name=\"twitter:data1\" content=\"1 minute\" \/>\n<script type=\"application\/ld+json\" class=\"yoast-schema-graph\">{\"@context\":\"https:\\\/\\\/schema.org\",\"@graph\":[{\"@type\":\"WebPage\",\"@id\":\"https:\\\/\\\/rencontresdecalenzana.fr\\\/index.php\\\/ritratti-musical-rmcc-les-rencontres-de-calenzana-artistes-masterclaaa-academies-musique-classique-contemporaine-corse\\\/\",\"url\":\"https:\\\/\\\/rencontresdecalenzana.fr\\\/index.php\\\/ritratti-musical-rmcc-les-rencontres-de-calenzana-artistes-masterclaaa-academies-musique-classique-contemporaine-corse\\\/\",\"name\":\"Rencontres de Calenzana - Ritratti\",\"isPartOf\":{\"@id\":\"https:\\\/\\\/rencontresdecalenzana.fr\\\/#website\"},\"datePublished\":\"2021-10-25T13:42:03+00:00\",\"dateModified\":\"2025-04-14T09:47:00+00:00\",\"description\":\"RITRATTI-Musical-Rmcc : les photos des artistes, des master-class, acad\u00e9mies et festival Invernale et Les Rencontres de Calenzana !\",\"breadcrumb\":{\"@id\":\"https:\\\/\\\/rencontresdecalenzana.fr\\\/index.php\\\/ritratti-musical-rmcc-les-rencontres-de-calenzana-artistes-masterclaaa-academies-musique-classique-contemporaine-corse\\\/#breadcrumb\"},\"inLanguage\":\"fr-FR\",\"potentialAction\":[{\"@type\":\"ReadAction\",\"target\":[\"https:\\\/\\\/rencontresdecalenzana.fr\\\/index.php\\\/ritratti-musical-rmcc-les-rencontres-de-calenzana-artistes-masterclaaa-academies-musique-classique-contemporaine-corse\\\/\"]}]},{\"@type\":\"BreadcrumbList\",\"@id\":\"https:\\\/\\\/rencontresdecalenzana.fr\\\/index.php\\\/ritratti-musical-rmcc-les-rencontres-de-calenzana-artistes-masterclaaa-academies-musique-classique-contemporaine-corse\\\/#breadcrumb\",\"itemListElement\":[{\"@type\":\"ListItem\",\"position\":1,\"name\":\"Accueil\",\"item\":\"https:\\\/\\\/rencontresdecalenzana.fr\\\/\"},{\"@type\":\"ListItem\",\"position\":2,\"name\":\"Ritratti\"}]},{\"@type\":\"WebSite\",\"@id\":\"https:\\\/\\\/rencontresdecalenzana.fr\\\/#website\",\"url\":\"https:\\\/\\\/rencontresdecalenzana.fr\\\/\",\"name\":\"Rencontres de Calenzana\",\"description\":\"Musique classiques et contemporaine\",\"publisher\":{\"@id\":\"https:\\\/\\\/rencontresdecalenzana.fr\\\/#organization\"},\"potentialAction\":[{\"@type\":\"SearchAction\",\"target\":{\"@type\":\"EntryPoint\",\"urlTemplate\":\"https:\\\/\\\/rencontresdecalenzana.fr\\\/?s={search_term_string}\"},\"query-input\":{\"@type\":\"PropertyValueSpecification\",\"valueRequired\":true,\"valueName\":\"search_term_string\"}}],\"inLanguage\":\"fr-FR\"},{\"@type\":\"Organization\",\"@id\":\"https:\\\/\\\/rencontresdecalenzana.fr\\\/#organization\",\"name\":\"Musical RMCC\",\"url\":\"https:\\\/\\\/rencontresdecalenzana.fr\\\/\",\"logo\":{\"@type\":\"ImageObject\",\"inLanguage\":\"fr-FR\",\"@id\":\"https:\\\/\\\/rencontresdecalenzana.fr\\\/#\\\/schema\\\/logo\\\/image\\\/\",\"url\":\"https:\\\/\\\/rencontresdecalenzana.fr\\\/wp-content\\\/uploads\\\/2020\\\/10\\\/Logo_RMCC_black.png\",\"contentUrl\":\"https:\\\/\\\/rencontresdecalenzana.fr\\\/wp-content\\\/uploads\\\/2020\\\/10\\\/Logo_RMCC_black.png\",\"width\":526,\"height\":178,\"caption\":\"Musical RMCC\"},\"image\":{\"@id\":\"https:\\\/\\\/rencontresdecalenzana.fr\\\/#\\\/schema\\\/logo\\\/image\\\/\"}}]}<\/script>\n<!-- \/ Yoast SEO plugin. -->","yoast_head_json":{"title":"Rencontres de Calenzana - Ritratti","description":"RITRATTI-Musical-Rmcc : les photos des artistes, des master-class, acad\u00e9mies et festival Invernale et Les Rencontres de Calenzana !","robots":{"index":"index","follow":"follow","max-snippet":"max-snippet:-1","max-image-preview":"max-image-preview:large","max-video-preview":"max-video-preview:-1"},"canonical":"https:\/\/rencontresdecalenzana.fr\/index.php\/ritratti-musical-rmcc-les-rencontres-de-calenzana-artistes-masterclaaa-academies-musique-classique-contemporaine-corse\/","og_locale":"fr_FR","og_type":"article","og_title":"Rencontres de Calenzana - Ritratti","og_description":"RITRATTI-Musical-Rmcc : les photos des artistes, des master-class, acad\u00e9mies et festival Invernale et Les Rencontres de Calenzana !","og_url":"https:\/\/rencontresdecalenzana.fr\/index.php\/ritratti-musical-rmcc-les-rencontres-de-calenzana-artistes-masterclaaa-academies-musique-classique-contemporaine-corse\/","og_site_name":"Rencontres de Calenzana","article_modified_time":"2025-04-14T09:47:00+00:00","twitter_card":"summary_large_image","twitter_misc":{"Dur\u00e9e de lecture estim\u00e9e":"1 minute"},"schema":{"@context":"https:\/\/schema.org","@graph":[{"@type":"WebPage","@id":"https:\/\/rencontresdecalenzana.fr\/index.php\/ritratti-musical-rmcc-les-rencontres-de-calenzana-artistes-masterclaaa-academies-musique-classique-contemporaine-corse\/","url":"https:\/\/rencontresdecalenzana.fr\/index.php\/ritratti-musical-rmcc-les-rencontres-de-calenzana-artistes-masterclaaa-academies-musique-classique-contemporaine-corse\/","name":"Rencontres de Calenzana - Ritratti","isPartOf":{"@id":"https:\/\/rencontresdecalenzana.fr\/#website"},"datePublished":"2021-10-25T13:42:03+00:00","dateModified":"2025-04-14T09:47:00+00:00","description":"RITRATTI-Musical-Rmcc : les photos des artistes, des master-class, acad\u00e9mies et festival Invernale et Les Rencontres de Calenzana !","breadcrumb":{"@id":"https:\/\/rencontresdecalenzana.fr\/index.php\/ritratti-musical-rmcc-les-rencontres-de-calenzana-artistes-masterclaaa-academies-musique-classique-contemporaine-corse\/#breadcrumb"},"inLanguage":"fr-FR","potentialAction":[{"@type":"ReadAction","target":["https:\/\/rencontresdecalenzana.fr\/index.php\/ritratti-musical-rmcc-les-rencontres-de-calenzana-artistes-masterclaaa-academies-musique-classique-contemporaine-corse\/"]}]},{"@type":"BreadcrumbList","@id":"https:\/\/rencontresdecalenzana.fr\/index.php\/ritratti-musical-rmcc-les-rencontres-de-calenzana-artistes-masterclaaa-academies-musique-classique-contemporaine-corse\/#breadcrumb","itemListElement":[{"@type":"ListItem","position":1,"name":"Accueil","item":"https:\/\/rencontresdecalenzana.fr\/"},{"@type":"ListItem","position":2,"name":"Ritratti"}]},{"@type":"WebSite","@id":"https:\/\/rencontresdecalenzana.fr\/#website","url":"https:\/\/rencontresdecalenzana.fr\/","name":"Rencontres de Calenzana","description":"Musique classiques et contemporaine","publisher":{"@id":"https:\/\/rencontresdecalenzana.fr\/#organization"},"potentialAction":[{"@type":"SearchAction","target":{"@type":"EntryPoint","urlTemplate":"https:\/\/rencontresdecalenzana.fr\/?s={search_term_string}"},"query-input":{"@type":"PropertyValueSpecification","valueRequired":true,"valueName":"search_term_string"}}],"inLanguage":"fr-FR"},{"@type":"Organization","@id":"https:\/\/rencontresdecalenzana.fr\/#organization","name":"Musical RMCC","url":"https:\/\/rencontresdecalenzana.fr\/","logo":{"@type":"ImageObject","inLanguage":"fr-FR","@id":"https:\/\/rencontresdecalenzana.fr\/#\/schema\/logo\/image\/","url":"https:\/\/rencontresdecalenzana.fr\/wp-content\/uploads\/2020\/10\/Logo_RMCC_black.png","contentUrl":"https:\/\/rencontresdecalenzana.fr\/wp-content\/uploads\/2020\/10\/Logo_RMCC_black.png","width":526,"height":178,"caption":"Musical RMCC"},"image":{"@id":"https:\/\/rencontresdecalenzana.fr\/#\/schema\/logo\/image\/"}}]}},"_links":{"self":[{"href":"https:\/\/rencontresdecalenzana.fr\/index.php\/wp-json\/wp\/v2\/pages\/4174","targetHints":{"allow":["GET"]}}],"collection":[{"href":"https:\/\/rencontresdecalenzana.fr\/index.php\/wp-json\/wp\/v2\/pages"}],"about":[{"href":"https:\/\/rencontresdecalenzana.fr\/index.php\/wp-json\/wp\/v2\/types\/page"}],"author":[{"embeddable":true,"href":"https:\/\/rencontresdecalenzana.fr\/index.php\/wp-json\/wp\/v2\/users\/2"}],"replies":[{"embeddable":true,"href":"https:\/\/rencontresdecalenzana.fr\/index.php\/wp-json\/wp\/v2\/comments?post=4174"}],"version-history":[{"count":24,"href":"https:\/\/rencontresdecalenzana.fr\/index.php\/wp-json\/wp\/v2\/pages\/4174\/revisions"}],"predecessor-version":[{"id":8918,"href":"https:\/\/rencontresdecalenzana.fr\/index.php\/wp-json\/wp\/v2\/pages\/4174\/revisions\/8918"}],"wp:attachment":[{"href":"https:\/\/rencontresdecalenzana.fr\/index.php\/wp-json\/wp\/v2\/media?parent=4174"}],"curies":[{"name":"wp","href":"https:\/\/api.w.org\/{rel}","templated":true}]}}