{"id":8357,"date":"2024-09-13T11:19:33","date_gmt":"2024-09-13T09:19:33","guid":{"rendered":"https:\/\/rencontresdecalenzana.fr\/?page_id=8357"},"modified":"2024-11-28T16:50:19","modified_gmt":"2024-11-28T15:50:19","slug":"furmazione","status":"publish","type":"page","link":"https:\/\/rencontresdecalenzana.fr\/index.php\/furmazione\/","title":{"rendered":"Furmazione"},"content":{"rendered":"\t\t<div data-elementor-type=\"wp-page\" data-elementor-id=\"8357\" class=\"elementor elementor-8357\">\n\t\t\t\t\t\t<section class=\"elementor-section elementor-top-section elementor-element elementor-element-5048b19 elementor-section-boxed elementor-section-height-default elementor-section-height-default parallax_section_no qode_elementor_container_no\" data-id=\"5048b19\" data-element_type=\"section\" data-e-type=\"section\">\n\t\t\t\t\t\t<div class=\"elementor-container elementor-column-gap-default\">\n\t\t\t\t\t<div class=\"elementor-column elementor-col-100 elementor-top-column elementor-element elementor-element-ccdbc22\" data-id=\"ccdbc22\" data-element_type=\"column\" data-e-type=\"column\">\n\t\t\t<div class=\"elementor-widget-wrap elementor-element-populated\">\n\t\t\t\t\t\t<div class=\"elementor-element elementor-element-0d9f490 elementor-widget elementor-widget-heading\" data-id=\"0d9f490\" data-element_type=\"widget\" data-e-type=\"widget\" data-widget_type=\"heading.default\">\n\t\t\t\t<div class=\"elementor-widget-container\">\n\t\t\t\t\t<h2 id=\"formation\" class=\"elementor-heading-title elementor-size-default\">FORMATION<\/h2>\t\t\t\t<\/div>\n\t\t\t\t<\/div>\n\t\t\t\t<div class=\"elementor-element elementor-element-9bc1ed4 elementor-widget elementor-widget-text-editor\" data-id=\"9bc1ed4\" data-element_type=\"widget\" data-e-type=\"widget\" data-widget_type=\"text-editor.default\">\n\t\t\t\t<div class=\"elementor-widget-container\">\n\t\t\t\t\t\t\t\t\t<p>Depuis plus de huit ans, l&rsquo;association musicale RMCC propose une vari\u00e9t\u00e9 de\u00a0formations\u00a0visant \u00e0 d\u00e9velopper et \u00e0 professionnaliser l&rsquo;acquisition des savoir-faire dans les diff\u00e9rents m\u00e9tiers li\u00e9s \u00e0 la musique. La pluralit\u00e9 de nos\u00a0formations\u00a0permet d&rsquo;int\u00e9grer des profils de participants vari\u00e9s, amateurs et professionnels, artistes et techniciens, en adaptant les programmes \u00e0 tout type de niveau.<\/p><p>\u00a0<\/p><p><strong>Acad\u00e9mie de musique classique<\/strong><\/p><p>\u00c0 destination d\u2019\u00e9tudiants et de musiciens ayant une pratique musicale avanc\u00e9e, les Rencontres de Calenzana organisent une Acad\u00e9mie de musique classique au c\u0153ur de la Balagne, qui accueille trois masterclasses pendant cinq jours. Durant cette semaine, chaque \u00e9l\u00e8ve b\u00e9n\u00e9ficie d\u2019une heure de cours individuel par jour, puis peut assister, s\u2019il le d\u00e9sire, aux enseignements de ses coll\u00e8gues acad\u00e9miciens, en plus des heures de r\u00e9p\u00e9titions.<\/p><p>Cette\u00a0formation, en partenariat avec les CNSM de Paris et Lyon, est dispens\u00e9e par les professeurs de ces m\u00eames \u00e9coles, renfor\u00e7ant ainsi la cr\u00e9dibilit\u00e9 et la pertinence de l&rsquo;enseignement aupr\u00e8s des stagiaires.<\/p><p>\u00a0<\/p><p><strong>Musique \u00e0 l&rsquo;image<\/strong><\/p><p>Parrain\u00e9e par Bruno Coulais et dispens\u00e9e, entre autres, par Gilles Alonzo, professeur au CNSM de Lyon, cette\u00a0formation\u00a0offre un perfectionnement dans le domaine de la composition pour l\u2019image. Pendant dix jours, plusieurs intervenants proposent aux stagiaires un enseignement riche autour des diff\u00e9rentes techniques : MAO, composition, arrangement, enregistrement, etc.<\/p><p>L\u2019acad\u00e9mie pr\u00e9voit aussi la rencontre avec plusieurs professionnels de l\u2019audiovisuel pour aborder les diff\u00e9rentes phases du processus de cr\u00e9ation, du sc\u00e9nario \u00e0 la production audiovisuelle tout en confrontant des regards professionnels multiples.<\/p>\t\t\t\t\t\t\t\t<\/div>\n\t\t\t\t<\/div>\n\t\t\t\t\t<\/div>\n\t\t<\/div>\n\t\t\t\t\t<\/div>\n\t\t<\/section>\n\t\t\t\t<section class=\"elementor-section elementor-top-section elementor-element elementor-element-eb0ca0d elementor-section-boxed elementor-section-height-default elementor-section-height-default parallax_section_no qode_elementor_container_no\" data-id=\"eb0ca0d\" data-element_type=\"section\" data-e-type=\"section\">\n\t\t\t\t\t\t<div class=\"elementor-container elementor-column-gap-default\">\n\t\t\t\t\t<div class=\"elementor-column elementor-col-100 elementor-top-column elementor-element elementor-element-bc5e14c\" data-id=\"bc5e14c\" data-element_type=\"column\" data-e-type=\"column\">\n\t\t\t<div class=\"elementor-widget-wrap\">\n\t\t\t\t\t\t\t<\/div>\n\t\t<\/div>\n\t\t\t\t\t<\/div>\n\t\t<\/section>\n\t\t\t\t<section class=\"elementor-section elementor-top-section elementor-element elementor-element-ea762c7 elementor-section-boxed elementor-section-height-default elementor-section-height-default parallax_section_no qode_elementor_container_no\" data-id=\"ea762c7\" data-element_type=\"section\" data-e-type=\"section\">\n\t\t\t\t\t\t<div class=\"elementor-container elementor-column-gap-default\">\n\t\t\t\t\t<div class=\"elementor-column elementor-col-100 elementor-top-column elementor-element elementor-element-ce2f207\" data-id=\"ce2f207\" data-element_type=\"column\" data-e-type=\"column\">\n\t\t\t<div class=\"elementor-widget-wrap elementor-element-populated\">\n\t\t\t\t\t\t<div class=\"elementor-element elementor-element-4f4212b elementor-widget elementor-widget-image\" data-id=\"4f4212b\" data-element_type=\"widget\" data-e-type=\"widget\" data-widget_type=\"image.default\">\n\t\t\t\t<div class=\"elementor-widget-container\">\n\t\t\t\t\t\t\t\t\t\t\t\t\t\t\t<img fetchpriority=\"high\" decoding=\"async\" width=\"1536\" height=\"1024\" src=\"https:\/\/rencontresdecalenzana.fr\/wp-content\/uploads\/2024\/11\/DSC_0039-1536x1024.jpg\" class=\"attachment-1536x1536 size-1536x1536 wp-image-8541\" alt=\"\" srcset=\"https:\/\/rencontresdecalenzana.fr\/wp-content\/uploads\/2024\/11\/DSC_0039-1536x1024.jpg 1536w, https:\/\/rencontresdecalenzana.fr\/wp-content\/uploads\/2024\/11\/DSC_0039-300x200.jpg 300w, https:\/\/rencontresdecalenzana.fr\/wp-content\/uploads\/2024\/11\/DSC_0039-1024x683.jpg 1024w, https:\/\/rencontresdecalenzana.fr\/wp-content\/uploads\/2024\/11\/DSC_0039-768x512.jpg 768w, https:\/\/rencontresdecalenzana.fr\/wp-content\/uploads\/2024\/11\/DSC_0039-2048x1365.jpg 2048w, https:\/\/rencontresdecalenzana.fr\/wp-content\/uploads\/2024\/11\/DSC_0039-200x133.jpg 200w, https:\/\/rencontresdecalenzana.fr\/wp-content\/uploads\/2024\/11\/DSC_0039-700x467.jpg 700w\" sizes=\"(max-width: 1536px) 100vw, 1536px\" \/>\t\t\t\t\t\t\t\t\t\t\t\t\t\t\t<\/div>\n\t\t\t\t<\/div>\n\t\t\t\t\t<\/div>\n\t\t<\/div>\n\t\t\t\t\t<\/div>\n\t\t<\/section>\n\t\t\t\t<section class=\"elementor-section elementor-top-section elementor-element elementor-element-f8fb9c3 elementor-section-boxed elementor-section-height-default elementor-section-height-default parallax_section_no qode_elementor_container_no\" data-id=\"f8fb9c3\" data-element_type=\"section\" data-e-type=\"section\">\n\t\t\t\t\t\t<div class=\"elementor-container elementor-column-gap-default\">\n\t\t\t\t\t<div class=\"elementor-column elementor-col-33 elementor-top-column elementor-element elementor-element-b6a4bc3\" data-id=\"b6a4bc3\" data-element_type=\"column\" data-e-type=\"column\">\n\t\t\t<div class=\"elementor-widget-wrap elementor-element-populated\">\n\t\t\t\t\t\t<div class=\"elementor-element elementor-element-c018aef elementor-widget elementor-widget-image\" data-id=\"c018aef\" data-element_type=\"widget\" data-e-type=\"widget\" data-widget_type=\"image.default\">\n\t\t\t\t<div class=\"elementor-widget-container\">\n\t\t\t\t\t\t\t\t\t\t\t\t\t\t\t<img decoding=\"async\" width=\"1024\" height=\"570\" src=\"https:\/\/rencontresdecalenzana.fr\/wp-content\/uploads\/2024\/11\/Qualiopi-HD-formation-1024x570.png\" class=\"attachment-large size-large wp-image-8542\" alt=\"\" srcset=\"https:\/\/rencontresdecalenzana.fr\/wp-content\/uploads\/2024\/11\/Qualiopi-HD-formation-1024x570.png 1024w, https:\/\/rencontresdecalenzana.fr\/wp-content\/uploads\/2024\/11\/Qualiopi-HD-formation-300x167.png 300w, https:\/\/rencontresdecalenzana.fr\/wp-content\/uploads\/2024\/11\/Qualiopi-HD-formation-768x428.png 768w, https:\/\/rencontresdecalenzana.fr\/wp-content\/uploads\/2024\/11\/Qualiopi-HD-formation-1536x855.png 1536w, https:\/\/rencontresdecalenzana.fr\/wp-content\/uploads\/2024\/11\/Qualiopi-HD-formation-2048x1140.png 2048w, https:\/\/rencontresdecalenzana.fr\/wp-content\/uploads\/2024\/11\/Qualiopi-HD-formation-200x111.png 200w, https:\/\/rencontresdecalenzana.fr\/wp-content\/uploads\/2024\/11\/Qualiopi-HD-formation-700x390.png 700w\" sizes=\"(max-width: 1024px) 100vw, 1024px\" \/>\t\t\t\t\t\t\t\t\t\t\t\t\t\t\t<\/div>\n\t\t\t\t<\/div>\n\t\t\t\t\t<\/div>\n\t\t<\/div>\n\t\t\t\t<div class=\"elementor-column elementor-col-66 elementor-top-column elementor-element elementor-element-177b5a0\" data-id=\"177b5a0\" data-element_type=\"column\" data-e-type=\"column\">\n\t\t\t<div class=\"elementor-widget-wrap elementor-element-populated\">\n\t\t\t\t\t\t<div class=\"elementor-element elementor-element-c8092e7 elementor-widget elementor-widget-text-editor\" data-id=\"c8092e7\" data-element_type=\"widget\" data-e-type=\"widget\" data-widget_type=\"text-editor.default\">\n\t\t\t\t<div class=\"elementor-widget-container\">\n\t\t\t\t\t\t\t\t\t<p>La certification Qualiopi obtenue par l&rsquo;association Musicale RMCC garantit la qualit\u00e9 de ses actions de formation et leur conformit\u00e9 aux exigences nationales. Elle permet \u00e0 RMCC d&rsquo;offrir des formations professionnalisantes reconnues et \u00e9ligibles aux programmes d&rsquo;aides publics\u00a0 (CFP, VAE, etc&#8230;).<\/p>\t\t\t\t\t\t\t\t<\/div>\n\t\t\t\t<\/div>\n\t\t\t\t\t<\/div>\n\t\t<\/div>\n\t\t\t\t\t<\/div>\n\t\t<\/section>\n\t\t\t\t<\/div>\n\t\t","protected":false},"excerpt":{"rendered":"<p>FORMATION Depuis plus de huit ans, l&rsquo;association musicale RMCC propose une vari\u00e9t\u00e9 de\u00a0formations\u00a0visant \u00e0 d\u00e9velopper et \u00e0 professionnaliser l&rsquo;acquisition des savoir-faire dans les diff\u00e9rents m\u00e9tiers li\u00e9s \u00e0 la musique. La pluralit\u00e9 de nos\u00a0formations\u00a0permet d&rsquo;int\u00e9grer des profils de participants vari\u00e9s, amateurs et professionnels, artistes et techniciens,&#8230;<\/p>\n","protected":false},"author":3,"featured_media":0,"parent":0,"menu_order":0,"comment_status":"closed","ping_status":"closed","template":"","meta":{"_eb_attr":"","_monsterinsights_skip_tracking":false,"_monsterinsights_sitenote_active":false,"_monsterinsights_sitenote_note":"","_monsterinsights_sitenote_category":0,"footnotes":""},"class_list":["post-8357","page","type-page","status-publish","hentry"],"yoast_head":"<!-- This site is optimized with the Yoast SEO plugin v27.4 - https:\/\/yoast.com\/product\/yoast-seo-wordpress\/ -->\n<title>Furmazione - Rencontres de Calenzana<\/title>\n<meta name=\"description\" content=\"Suivez nos formations des rencontres de calenzana en Corse Balagne : musique classique, musique \u00e0 l&#039;image, enregistrement, mixage\" \/>\n<meta name=\"robots\" content=\"index, follow, max-snippet:-1, max-image-preview:large, max-video-preview:-1\" \/>\n<link rel=\"canonical\" href=\"https:\/\/rencontresdecalenzana.fr\/index.php\/furmazione\/\" \/>\n<meta property=\"og:locale\" content=\"fr_FR\" \/>\n<meta property=\"og:type\" content=\"article\" \/>\n<meta property=\"og:title\" content=\"Furmazione - Rencontres de Calenzana\" \/>\n<meta property=\"og:description\" content=\"Suivez nos formations des rencontres de calenzana en Corse Balagne : musique classique, musique \u00e0 l&#039;image, enregistrement, mixage\" \/>\n<meta property=\"og:url\" content=\"https:\/\/rencontresdecalenzana.fr\/index.php\/furmazione\/\" \/>\n<meta property=\"og:site_name\" content=\"Rencontres de Calenzana\" \/>\n<meta property=\"article:modified_time\" content=\"2024-11-28T15:50:19+00:00\" \/>\n<meta property=\"og:image\" content=\"https:\/\/rencontresdecalenzana.fr\/wp-content\/uploads\/2024\/11\/DSC_0039-scaled.jpg\" \/>\n\t<meta property=\"og:image:width\" content=\"2560\" \/>\n\t<meta property=\"og:image:height\" content=\"1707\" \/>\n\t<meta property=\"og:image:type\" content=\"image\/jpeg\" \/>\n<meta name=\"twitter:card\" content=\"summary_large_image\" \/>\n<meta name=\"twitter:label1\" content=\"Dur\u00e9e de lecture estim\u00e9e\" \/>\n\t<meta name=\"twitter:data1\" content=\"2 minutes\" \/>\n<script type=\"application\/ld+json\" class=\"yoast-schema-graph\">{\"@context\":\"https:\\\/\\\/schema.org\",\"@graph\":[{\"@type\":\"WebPage\",\"@id\":\"https:\\\/\\\/rencontresdecalenzana.fr\\\/index.php\\\/furmazione\\\/\",\"url\":\"https:\\\/\\\/rencontresdecalenzana.fr\\\/index.php\\\/furmazione\\\/\",\"name\":\"Furmazione - Rencontres de Calenzana\",\"isPartOf\":{\"@id\":\"https:\\\/\\\/rencontresdecalenzana.fr\\\/#website\"},\"primaryImageOfPage\":{\"@id\":\"https:\\\/\\\/rencontresdecalenzana.fr\\\/index.php\\\/furmazione\\\/#primaryimage\"},\"image\":{\"@id\":\"https:\\\/\\\/rencontresdecalenzana.fr\\\/index.php\\\/furmazione\\\/#primaryimage\"},\"thumbnailUrl\":\"https:\\\/\\\/rencontresdecalenzana.fr\\\/wp-content\\\/uploads\\\/2024\\\/11\\\/DSC_0039-1536x1024.jpg\",\"datePublished\":\"2024-09-13T09:19:33+00:00\",\"dateModified\":\"2024-11-28T15:50:19+00:00\",\"description\":\"Suivez nos formations des rencontres de calenzana en Corse Balagne : musique classique, musique \u00e0 l'image, enregistrement, mixage\",\"breadcrumb\":{\"@id\":\"https:\\\/\\\/rencontresdecalenzana.fr\\\/index.php\\\/furmazione\\\/#breadcrumb\"},\"inLanguage\":\"fr-FR\",\"potentialAction\":[{\"@type\":\"ReadAction\",\"target\":[\"https:\\\/\\\/rencontresdecalenzana.fr\\\/index.php\\\/furmazione\\\/\"]}]},{\"@type\":\"ImageObject\",\"inLanguage\":\"fr-FR\",\"@id\":\"https:\\\/\\\/rencontresdecalenzana.fr\\\/index.php\\\/furmazione\\\/#primaryimage\",\"url\":\"https:\\\/\\\/rencontresdecalenzana.fr\\\/wp-content\\\/uploads\\\/2024\\\/11\\\/DSC_0039-scaled.jpg\",\"contentUrl\":\"https:\\\/\\\/rencontresdecalenzana.fr\\\/wp-content\\\/uploads\\\/2024\\\/11\\\/DSC_0039-scaled.jpg\",\"width\":2560,\"height\":1707},{\"@type\":\"BreadcrumbList\",\"@id\":\"https:\\\/\\\/rencontresdecalenzana.fr\\\/index.php\\\/furmazione\\\/#breadcrumb\",\"itemListElement\":[{\"@type\":\"ListItem\",\"position\":1,\"name\":\"Accueil\",\"item\":\"https:\\\/\\\/rencontresdecalenzana.fr\\\/\"},{\"@type\":\"ListItem\",\"position\":2,\"name\":\"Furmazione\"}]},{\"@type\":\"WebSite\",\"@id\":\"https:\\\/\\\/rencontresdecalenzana.fr\\\/#website\",\"url\":\"https:\\\/\\\/rencontresdecalenzana.fr\\\/\",\"name\":\"Rencontres de Calenzana\",\"description\":\"Musique classiques et contemporaine\",\"publisher\":{\"@id\":\"https:\\\/\\\/rencontresdecalenzana.fr\\\/#organization\"},\"potentialAction\":[{\"@type\":\"SearchAction\",\"target\":{\"@type\":\"EntryPoint\",\"urlTemplate\":\"https:\\\/\\\/rencontresdecalenzana.fr\\\/?s={search_term_string}\"},\"query-input\":{\"@type\":\"PropertyValueSpecification\",\"valueRequired\":true,\"valueName\":\"search_term_string\"}}],\"inLanguage\":\"fr-FR\"},{\"@type\":\"Organization\",\"@id\":\"https:\\\/\\\/rencontresdecalenzana.fr\\\/#organization\",\"name\":\"Musical RMCC\",\"url\":\"https:\\\/\\\/rencontresdecalenzana.fr\\\/\",\"logo\":{\"@type\":\"ImageObject\",\"inLanguage\":\"fr-FR\",\"@id\":\"https:\\\/\\\/rencontresdecalenzana.fr\\\/#\\\/schema\\\/logo\\\/image\\\/\",\"url\":\"https:\\\/\\\/rencontresdecalenzana.fr\\\/wp-content\\\/uploads\\\/2020\\\/10\\\/Logo_RMCC_black.png\",\"contentUrl\":\"https:\\\/\\\/rencontresdecalenzana.fr\\\/wp-content\\\/uploads\\\/2020\\\/10\\\/Logo_RMCC_black.png\",\"width\":526,\"height\":178,\"caption\":\"Musical RMCC\"},\"image\":{\"@id\":\"https:\\\/\\\/rencontresdecalenzana.fr\\\/#\\\/schema\\\/logo\\\/image\\\/\"}}]}<\/script>\n<!-- \/ Yoast SEO plugin. -->","yoast_head_json":{"title":"Furmazione - Rencontres de Calenzana","description":"Suivez nos formations des rencontres de calenzana en Corse Balagne : musique classique, musique \u00e0 l'image, enregistrement, mixage","robots":{"index":"index","follow":"follow","max-snippet":"max-snippet:-1","max-image-preview":"max-image-preview:large","max-video-preview":"max-video-preview:-1"},"canonical":"https:\/\/rencontresdecalenzana.fr\/index.php\/furmazione\/","og_locale":"fr_FR","og_type":"article","og_title":"Furmazione - Rencontres de Calenzana","og_description":"Suivez nos formations des rencontres de calenzana en Corse Balagne : musique classique, musique \u00e0 l'image, enregistrement, mixage","og_url":"https:\/\/rencontresdecalenzana.fr\/index.php\/furmazione\/","og_site_name":"Rencontres de Calenzana","article_modified_time":"2024-11-28T15:50:19+00:00","og_image":[{"width":2560,"height":1707,"url":"https:\/\/rencontresdecalenzana.fr\/wp-content\/uploads\/2024\/11\/DSC_0039-scaled.jpg","type":"image\/jpeg"}],"twitter_card":"summary_large_image","twitter_misc":{"Dur\u00e9e de lecture estim\u00e9e":"2 minutes"},"schema":{"@context":"https:\/\/schema.org","@graph":[{"@type":"WebPage","@id":"https:\/\/rencontresdecalenzana.fr\/index.php\/furmazione\/","url":"https:\/\/rencontresdecalenzana.fr\/index.php\/furmazione\/","name":"Furmazione - Rencontres de Calenzana","isPartOf":{"@id":"https:\/\/rencontresdecalenzana.fr\/#website"},"primaryImageOfPage":{"@id":"https:\/\/rencontresdecalenzana.fr\/index.php\/furmazione\/#primaryimage"},"image":{"@id":"https:\/\/rencontresdecalenzana.fr\/index.php\/furmazione\/#primaryimage"},"thumbnailUrl":"https:\/\/rencontresdecalenzana.fr\/wp-content\/uploads\/2024\/11\/DSC_0039-1536x1024.jpg","datePublished":"2024-09-13T09:19:33+00:00","dateModified":"2024-11-28T15:50:19+00:00","description":"Suivez nos formations des rencontres de calenzana en Corse Balagne : musique classique, musique \u00e0 l'image, enregistrement, mixage","breadcrumb":{"@id":"https:\/\/rencontresdecalenzana.fr\/index.php\/furmazione\/#breadcrumb"},"inLanguage":"fr-FR","potentialAction":[{"@type":"ReadAction","target":["https:\/\/rencontresdecalenzana.fr\/index.php\/furmazione\/"]}]},{"@type":"ImageObject","inLanguage":"fr-FR","@id":"https:\/\/rencontresdecalenzana.fr\/index.php\/furmazione\/#primaryimage","url":"https:\/\/rencontresdecalenzana.fr\/wp-content\/uploads\/2024\/11\/DSC_0039-scaled.jpg","contentUrl":"https:\/\/rencontresdecalenzana.fr\/wp-content\/uploads\/2024\/11\/DSC_0039-scaled.jpg","width":2560,"height":1707},{"@type":"BreadcrumbList","@id":"https:\/\/rencontresdecalenzana.fr\/index.php\/furmazione\/#breadcrumb","itemListElement":[{"@type":"ListItem","position":1,"name":"Accueil","item":"https:\/\/rencontresdecalenzana.fr\/"},{"@type":"ListItem","position":2,"name":"Furmazione"}]},{"@type":"WebSite","@id":"https:\/\/rencontresdecalenzana.fr\/#website","url":"https:\/\/rencontresdecalenzana.fr\/","name":"Rencontres de Calenzana","description":"Musique classiques et contemporaine","publisher":{"@id":"https:\/\/rencontresdecalenzana.fr\/#organization"},"potentialAction":[{"@type":"SearchAction","target":{"@type":"EntryPoint","urlTemplate":"https:\/\/rencontresdecalenzana.fr\/?s={search_term_string}"},"query-input":{"@type":"PropertyValueSpecification","valueRequired":true,"valueName":"search_term_string"}}],"inLanguage":"fr-FR"},{"@type":"Organization","@id":"https:\/\/rencontresdecalenzana.fr\/#organization","name":"Musical RMCC","url":"https:\/\/rencontresdecalenzana.fr\/","logo":{"@type":"ImageObject","inLanguage":"fr-FR","@id":"https:\/\/rencontresdecalenzana.fr\/#\/schema\/logo\/image\/","url":"https:\/\/rencontresdecalenzana.fr\/wp-content\/uploads\/2020\/10\/Logo_RMCC_black.png","contentUrl":"https:\/\/rencontresdecalenzana.fr\/wp-content\/uploads\/2020\/10\/Logo_RMCC_black.png","width":526,"height":178,"caption":"Musical RMCC"},"image":{"@id":"https:\/\/rencontresdecalenzana.fr\/#\/schema\/logo\/image\/"}}]}},"_links":{"self":[{"href":"https:\/\/rencontresdecalenzana.fr\/index.php\/wp-json\/wp\/v2\/pages\/8357","targetHints":{"allow":["GET"]}}],"collection":[{"href":"https:\/\/rencontresdecalenzana.fr\/index.php\/wp-json\/wp\/v2\/pages"}],"about":[{"href":"https:\/\/rencontresdecalenzana.fr\/index.php\/wp-json\/wp\/v2\/types\/page"}],"author":[{"embeddable":true,"href":"https:\/\/rencontresdecalenzana.fr\/index.php\/wp-json\/wp\/v2\/users\/3"}],"replies":[{"embeddable":true,"href":"https:\/\/rencontresdecalenzana.fr\/index.php\/wp-json\/wp\/v2\/comments?post=8357"}],"version-history":[{"count":19,"href":"https:\/\/rencontresdecalenzana.fr\/index.php\/wp-json\/wp\/v2\/pages\/8357\/revisions"}],"predecessor-version":[{"id":8545,"href":"https:\/\/rencontresdecalenzana.fr\/index.php\/wp-json\/wp\/v2\/pages\/8357\/revisions\/8545"}],"wp:attachment":[{"href":"https:\/\/rencontresdecalenzana.fr\/index.php\/wp-json\/wp\/v2\/media?parent=8357"}],"curies":[{"name":"wp","href":"https:\/\/api.w.org\/{rel}","templated":true}]}}