{"id":967,"date":"2020-09-07T15:20:13","date_gmt":"2020-09-07T13:20:13","guid":{"rendered":"https:\/\/rencontresdecalenzana.fr\/?page_id=967"},"modified":"2022-06-20T12:59:38","modified_gmt":"2022-06-20T10:59:38","slug":"edition","status":"publish","type":"page","link":"https:\/\/rencontresdecalenzana.fr\/index.php\/edition\/","title":{"rendered":"Editions rencontres de calenzana"},"content":{"rendered":"\t\t<div data-elementor-type=\"wp-page\" data-elementor-id=\"967\" class=\"elementor elementor-967\">\n\t\t\t\t\t\t<section class=\"elementor-section elementor-top-section elementor-element elementor-element-e231354 elementor-section-items-top elementor-section-height-min-height elementor-section-boxed elementor-section-height-default parallax_section_no qode_elementor_container_no\" data-id=\"e231354\" data-element_type=\"section\" data-e-type=\"section\" data-settings=\"{&quot;background_background&quot;:&quot;classic&quot;}\">\n\t\t\t\t\t\t<div class=\"elementor-container elementor-column-gap-default\">\n\t\t\t\t\t<div class=\"elementor-column elementor-col-100 elementor-top-column elementor-element elementor-element-19431d62\" data-id=\"19431d62\" data-element_type=\"column\" data-e-type=\"column\">\n\t\t\t<div class=\"elementor-widget-wrap elementor-element-populated\">\n\t\t\t\t\t\t<div class=\"elementor-element elementor-element-3cc03aff elementor-widget elementor-widget-heading\" data-id=\"3cc03aff\" data-element_type=\"widget\" data-e-type=\"widget\" data-widget_type=\"heading.default\">\n\t\t\t\t<div class=\"elementor-widget-container\">\n\t\t\t\t\t<h1 id=\"les-rencontres\" class=\"elementor-heading-title elementor-size-large\">Les rencontres<\/h1>\t\t\t\t<\/div>\n\t\t\t\t<\/div>\n\t\t\t\t<div class=\"elementor-element elementor-element-2afaab5b elementor-widget elementor-widget-heading\" data-id=\"2afaab5b\" data-element_type=\"widget\" data-e-type=\"widget\" data-widget_type=\"heading.default\">\n\t\t\t\t<div class=\"elementor-widget-container\">\n\t\t\t\t\t<h2 id=\"les-editions\" class=\"elementor-heading-title elementor-size-large\">Les \u00e9ditions<\/h2>\t\t\t\t<\/div>\n\t\t\t\t<\/div>\n\t\t\t\t<div class=\"elementor-element elementor-element-15dd05e9 elementor-widget-divider--view-line elementor-widget elementor-widget-divider\" data-id=\"15dd05e9\" data-element_type=\"widget\" data-e-type=\"widget\" data-widget_type=\"divider.default\">\n\t\t\t\t<div class=\"elementor-widget-container\">\n\t\t\t\t\t\t\t<div class=\"elementor-divider\">\n\t\t\t<span class=\"elementor-divider-separator\">\n\t\t\t\t\t\t<\/span>\n\t\t<\/div>\n\t\t\t\t\t\t<\/div>\n\t\t\t\t<\/div>\n\t\t\t\t\t<\/div>\n\t\t<\/div>\n\t\t\t\t\t<\/div>\n\t\t<\/section>\n\t\t\t\t<section class=\"elementor-section elementor-top-section elementor-element elementor-element-661f429d elementor-section-boxed elementor-section-height-default elementor-section-height-default parallax_section_no qode_elementor_container_no\" data-id=\"661f429d\" data-element_type=\"section\" data-e-type=\"section\">\n\t\t\t\t\t\t<div class=\"elementor-container elementor-column-gap-no\">\n\t\t\t\t\t<div class=\"elementor-column elementor-col-50 elementor-top-column elementor-element elementor-element-4ba548a9\" data-id=\"4ba548a9\" data-element_type=\"column\" data-e-type=\"column\">\n\t\t\t<div class=\"elementor-widget-wrap elementor-element-populated\">\n\t\t\t\t\t\t<div class=\"elementor-element elementor-element-7cf4486 elementor-widget elementor-widget-heading\" data-id=\"7cf4486\" data-element_type=\"widget\" data-e-type=\"widget\" data-widget_type=\"heading.default\">\n\t\t\t\t<div class=\"elementor-widget-container\">\n\t\t\t\t\t<h3 id=\"les-rencontres-fetent-leurs-20-ans\" class=\"elementor-heading-title elementor-size-large\">Les rencontres f\u00eatent leurs 20 ans !<\/h3>\t\t\t\t<\/div>\n\t\t\t\t<\/div>\n\t\t\t\t<div class=\"elementor-element elementor-element-d0383c1 elementor-widget elementor-widget-bridge_button\" data-id=\"d0383c1\" data-element_type=\"widget\" data-e-type=\"widget\" data-widget_type=\"bridge_button.default\">\n\t\t\t\t<div class=\"elementor-widget-container\">\n\t\t\t\t\t<a  itemprop=\"url\" href=\"https:\/\/rencontresdecalenzana.fr\/index.php\/edition\/edition-2020\/\" target=\"_self\" data-hover-background-color='#FFCC33' data-hover-color='#FFFFFF' class=\"qbutton  default\" style=\"color: #FFFFFF; background-color: #191947;\">La 20 \u00e8me \u00e9dition<\/a>\t\t\t\t<\/div>\n\t\t\t\t<\/div>\n\t\t\t\t\t<\/div>\n\t\t<\/div>\n\t\t\t\t<div class=\"elementor-column elementor-col-50 elementor-top-column elementor-element elementor-element-1425532c\" data-id=\"1425532c\" data-element_type=\"column\" data-e-type=\"column\">\n\t\t\t<div class=\"elementor-widget-wrap elementor-element-populated\">\n\t\t\t\t\t\t<div class=\"elementor-element elementor-element-53c8aaec elementor-widget elementor-widget-image\" data-id=\"53c8aaec\" data-element_type=\"widget\" data-e-type=\"widget\" data-widget_type=\"image.default\">\n\t\t\t\t<div class=\"elementor-widget-container\">\n\t\t\t\t\t\t\t\t\t\t\t\t\t\t\t<img fetchpriority=\"high\" decoding=\"async\" width=\"1024\" height=\"677\" src=\"https:\/\/rencontresdecalenzana.fr\/wp-content\/uploads\/2020\/10\/asandrineluigi918082020-1024x677.jpg\" class=\"attachment-large size-large wp-image-1557\" alt=\"\" srcset=\"https:\/\/rencontresdecalenzana.fr\/wp-content\/uploads\/2020\/10\/asandrineluigi918082020-1024x677.jpg 1024w, https:\/\/rencontresdecalenzana.fr\/wp-content\/uploads\/2020\/10\/asandrineluigi918082020-600x397.jpg 600w, https:\/\/rencontresdecalenzana.fr\/wp-content\/uploads\/2020\/10\/asandrineluigi918082020-300x198.jpg 300w, https:\/\/rencontresdecalenzana.fr\/wp-content\/uploads\/2020\/10\/asandrineluigi918082020-768x508.jpg 768w, https:\/\/rencontresdecalenzana.fr\/wp-content\/uploads\/2020\/10\/asandrineluigi918082020-1536x1015.jpg 1536w, https:\/\/rencontresdecalenzana.fr\/wp-content\/uploads\/2020\/10\/asandrineluigi918082020-700x463.jpg 700w, https:\/\/rencontresdecalenzana.fr\/wp-content\/uploads\/2020\/10\/asandrineluigi918082020.jpg 1920w\" sizes=\"(max-width: 1024px) 100vw, 1024px\" \/>\t\t\t\t\t\t\t\t\t\t\t\t\t\t\t<\/div>\n\t\t\t\t<\/div>\n\t\t\t\t\t<\/div>\n\t\t<\/div>\n\t\t\t\t\t<\/div>\n\t\t<\/section>\n\t\t\t\t<section class=\"elementor-section elementor-top-section elementor-element elementor-element-74571b80 elementor-section-content-middle elementor-section-full_width elementor-reverse-mobile elementor-section-height-default elementor-section-height-default parallax_section_no qode_elementor_container_no\" data-id=\"74571b80\" data-element_type=\"section\" data-e-type=\"section\" data-settings=\"{&quot;background_background&quot;:&quot;none&quot;}\">\n\t\t\t\t\t\t<div class=\"elementor-container elementor-column-gap-no\">\n\t\t\t\t\t<div class=\"elementor-column elementor-col-50 elementor-top-column elementor-element elementor-element-581bc27c\" data-id=\"581bc27c\" data-element_type=\"column\" data-e-type=\"column\" data-settings=\"{&quot;background_background&quot;:&quot;gradient&quot;}\">\n\t\t\t<div class=\"elementor-widget-wrap elementor-element-populated\">\n\t\t\t\t\t\t<div class=\"elementor-element elementor-element-7d3b5176 elementor-widget elementor-widget-icon-box\" data-id=\"7d3b5176\" data-element_type=\"widget\" data-e-type=\"widget\" data-widget_type=\"icon-box.default\">\n\t\t\t\t<div class=\"elementor-widget-container\">\n\t\t\t\t\t\t\t<div class=\"elementor-icon-box-wrapper\">\n\n\t\t\t\n\t\t\t\t\t\t<div class=\"elementor-icon-box-content\">\n\n\t\t\t\t\t\t\t\t\t<h3 id=\"\" class=\"elementor-icon-box-title\">\n\t\t\t\t\t\t<span  >\n\t\t\t\t\t\t\t\u201c\t\t\t\t\t\t<\/span>\n\t\t\t\t\t<\/h3>\n\t\t\t\t\n\t\t\t\t\t\t\t\t\t<p class=\"elementor-icon-box-description\">\n\t\t\t\t\t\tOn a pas tous les jours 20 ans !\t\t\t\t\t<\/p>\n\t\t\t\t\n\t\t\t<\/div>\n\t\t\t\n\t\t<\/div>\n\t\t\t\t\t\t<\/div>\n\t\t\t\t<\/div>\n\t\t\t\t\t<\/div>\n\t\t<\/div>\n\t\t\t\t<div class=\"elementor-column elementor-col-50 elementor-top-column elementor-element elementor-element-2ea961cf\" data-id=\"2ea961cf\" data-element_type=\"column\" data-e-type=\"column\" data-settings=\"{&quot;background_background&quot;:&quot;classic&quot;}\">\n\t\t\t<div class=\"elementor-widget-wrap elementor-element-populated\">\n\t\t\t\t\t<div class=\"elementor-background-overlay\"><\/div>\n\t\t\t\t\t\t<div class=\"elementor-element elementor-element-5c09ce62 elementor-widget elementor-widget-spacer\" data-id=\"5c09ce62\" data-element_type=\"widget\" data-e-type=\"widget\" data-widget_type=\"spacer.default\">\n\t\t\t\t<div class=\"elementor-widget-container\">\n\t\t\t\t\t\t\t<div class=\"elementor-spacer\">\n\t\t\t<div class=\"elementor-spacer-inner\"><\/div>\n\t\t<\/div>\n\t\t\t\t\t\t<\/div>\n\t\t\t\t<\/div>\n\t\t\t\t\t<\/div>\n\t\t<\/div>\n\t\t\t\t\t<\/div>\n\t\t<\/section>\n\t\t\t\t<section class=\"elementor-section elementor-top-section elementor-element elementor-element-36ce8c0a elementor-section-boxed elementor-section-height-default elementor-section-height-default parallax_section_no qode_elementor_container_no\" data-id=\"36ce8c0a\" data-element_type=\"section\" data-e-type=\"section\" data-settings=\"{&quot;background_background&quot;:&quot;classic&quot;}\">\n\t\t\t\t\t\t\t<div class=\"elementor-background-overlay\"><\/div>\n\t\t\t\t\t\t\t<div class=\"elementor-container elementor-column-gap-default\">\n\t\t\t\t\t<div class=\"elementor-column elementor-col-100 elementor-top-column elementor-element elementor-element-74b0a4b8\" data-id=\"74b0a4b8\" data-element_type=\"column\" data-e-type=\"column\" data-settings=\"{&quot;background_background&quot;:&quot;classic&quot;}\">\n\t\t\t<div class=\"elementor-widget-wrap elementor-element-populated\">\n\t\t\t\t\t<div class=\"elementor-background-overlay\"><\/div>\n\t\t\t\t\t\t<section class=\"elementor-section elementor-inner-section elementor-element elementor-element-4856d430 elementor-section-boxed elementor-section-height-default elementor-section-height-default parallax_section_no qode_elementor_container_no\" data-id=\"4856d430\" data-element_type=\"section\" data-e-type=\"section\" data-settings=\"{&quot;background_background&quot;:&quot;gradient&quot;}\">\n\t\t\t\t\t\t<div class=\"elementor-container elementor-column-gap-no\">\n\t\t\t\t\t<div class=\"elementor-column elementor-col-100 elementor-inner-column elementor-element elementor-element-52375549\" data-id=\"52375549\" data-element_type=\"column\" data-e-type=\"column\" data-settings=\"{&quot;background_background&quot;:&quot;classic&quot;}\">\n\t\t\t<div class=\"elementor-widget-wrap elementor-element-populated\">\n\t\t\t\t\t\t<div class=\"elementor-element elementor-element-488618b4 elementor-widget elementor-widget-heading\" data-id=\"488618b4\" data-element_type=\"widget\" data-e-type=\"widget\" data-widget_type=\"heading.default\">\n\t\t\t\t<div class=\"elementor-widget-container\">\n\t\t\t\t\t<h3 id=\"rendez-vous-pour-la-21eme-edition-du17-au-22-aout-2021\" class=\"elementor-heading-title elementor-size-large\"> Rendez-vous pour la 21\u00e8me \u00e9dition, du17 au 22 ao\u00fbt 2021 !<\/h3>\t\t\t\t<\/div>\n\t\t\t\t<\/div>\n\t\t\t\t<div class=\"elementor-element elementor-element-4039ca7e elementor-widget elementor-widget-text-editor\" data-id=\"4039ca7e\" data-element_type=\"widget\" data-e-type=\"widget\" data-widget_type=\"text-editor.default\">\n\t\t\t\t<div class=\"elementor-widget-container\">\n\t\t\t\t\t\t\t\t\t<div id=\"Content\"><div class=\"boxed\"><div id=\"lipsum\"><p>Rendez-vous incontournable de la sc\u00e8ne musicale Corse, les Rencontres de Calenzana n\u2019ont qu\u2019une exigence, la qualit\u00e9, qui fait du festival un lieu de d\u00e9couverte, plaisir, partage et convivialit\u00e9. Dans une volont\u00e9 de rendre la musique accessible \u00e0 tous, les Rencontres proposent de multiples formes de concerts et rendez-vous \u00e0 travers la Balagne, autour desquels nous esp\u00e9rons vous retrouver nombreux !<\/p><\/div><\/div><\/div>\t\t\t\t\t\t\t\t<\/div>\n\t\t\t\t<\/div>\n\t\t\t\t\t<\/div>\n\t\t<\/div>\n\t\t\t\t\t<\/div>\n\t\t<\/section>\n\t\t\t\t\t<\/div>\n\t\t<\/div>\n\t\t\t\t\t<\/div>\n\t\t<\/section>\n\t\t\t\t<\/div>\n\t\t","protected":false},"excerpt":{"rendered":"<p>Les rencontres Les \u00e9ditions Les rencontres f\u00eatent leurs 20 ans ! La 20 \u00e8me \u00e9dition \u201c On a pas tous les jours 20 ans ! Rendez-vous pour la 21\u00e8me \u00e9dition, du17 au 22 ao\u00fbt 2021 ! Rendez-vous incontournable de la sc\u00e8ne musicale Corse, les Rencontres&#8230;<\/p>\n","protected":false},"author":1,"featured_media":0,"parent":0,"menu_order":0,"comment_status":"closed","ping_status":"closed","template":"full_width.php","meta":{"_eb_attr":"","_monsterinsights_skip_tracking":false,"_monsterinsights_sitenote_active":false,"_monsterinsights_sitenote_note":"","_monsterinsights_sitenote_category":0,"footnotes":""},"class_list":["post-967","page","type-page","status-publish","hentry"],"yoast_head":"<!-- This site is optimized with the Yoast SEO plugin v27.3 - https:\/\/yoast.com\/product\/yoast-seo-wordpress\/ -->\n<title>Editions rencontres de calenzana - Rencontres de Calenzana<\/title>\n<meta name=\"robots\" content=\"index, follow, max-snippet:-1, max-image-preview:large, max-video-preview:-1\" \/>\n<link rel=\"canonical\" href=\"https:\/\/rencontresdecalenzana.fr\/index.php\/edition\/\" \/>\n<meta property=\"og:locale\" content=\"fr_FR\" \/>\n<meta property=\"og:type\" content=\"article\" \/>\n<meta property=\"og:title\" content=\"Editions rencontres de calenzana - Rencontres de Calenzana\" \/>\n<meta property=\"og:description\" content=\"Les rencontres Les \u00e9ditions Les rencontres f\u00eatent leurs 20 ans ! La 20 \u00e8me \u00e9dition \u201c On a pas tous les jours 20 ans ! Rendez-vous pour la 21\u00e8me \u00e9dition, du17 au 22 ao\u00fbt 2021 ! Rendez-vous incontournable de la sc\u00e8ne musicale Corse, les Rencontres...\" \/>\n<meta property=\"og:url\" content=\"https:\/\/rencontresdecalenzana.fr\/index.php\/edition\/\" \/>\n<meta property=\"og:site_name\" content=\"Rencontres de Calenzana\" \/>\n<meta property=\"article:modified_time\" content=\"2022-06-20T10:59:38+00:00\" \/>\n<meta property=\"og:image\" content=\"https:\/\/rencontresdecalenzana.fr\/wp-content\/uploads\/2020\/10\/asandrineluigi918082020-1024x677.jpg\" \/>\n<meta name=\"twitter:card\" content=\"summary_large_image\" \/>\n<meta name=\"twitter:label1\" content=\"Dur\u00e9e de lecture estim\u00e9e\" \/>\n\t<meta name=\"twitter:data1\" content=\"1 minute\" \/>\n<script type=\"application\/ld+json\" class=\"yoast-schema-graph\">{\"@context\":\"https:\\\/\\\/schema.org\",\"@graph\":[{\"@type\":\"WebPage\",\"@id\":\"https:\\\/\\\/rencontresdecalenzana.fr\\\/index.php\\\/edition\\\/\",\"url\":\"https:\\\/\\\/rencontresdecalenzana.fr\\\/index.php\\\/edition\\\/\",\"name\":\"Editions rencontres de calenzana - Rencontres de Calenzana\",\"isPartOf\":{\"@id\":\"https:\\\/\\\/rencontresdecalenzana.fr\\\/#website\"},\"primaryImageOfPage\":{\"@id\":\"https:\\\/\\\/rencontresdecalenzana.fr\\\/index.php\\\/edition\\\/#primaryimage\"},\"image\":{\"@id\":\"https:\\\/\\\/rencontresdecalenzana.fr\\\/index.php\\\/edition\\\/#primaryimage\"},\"thumbnailUrl\":\"https:\\\/\\\/rencontresdecalenzana.fr\\\/wp-content\\\/uploads\\\/2020\\\/10\\\/asandrineluigi918082020-1024x677.jpg\",\"datePublished\":\"2020-09-07T13:20:13+00:00\",\"dateModified\":\"2022-06-20T10:59:38+00:00\",\"breadcrumb\":{\"@id\":\"https:\\\/\\\/rencontresdecalenzana.fr\\\/index.php\\\/edition\\\/#breadcrumb\"},\"inLanguage\":\"fr-FR\",\"potentialAction\":[{\"@type\":\"ReadAction\",\"target\":[\"https:\\\/\\\/rencontresdecalenzana.fr\\\/index.php\\\/edition\\\/\"]}]},{\"@type\":\"ImageObject\",\"inLanguage\":\"fr-FR\",\"@id\":\"https:\\\/\\\/rencontresdecalenzana.fr\\\/index.php\\\/edition\\\/#primaryimage\",\"url\":\"https:\\\/\\\/rencontresdecalenzana.fr\\\/wp-content\\\/uploads\\\/2020\\\/10\\\/asandrineluigi918082020.jpg\",\"contentUrl\":\"https:\\\/\\\/rencontresdecalenzana.fr\\\/wp-content\\\/uploads\\\/2020\\\/10\\\/asandrineluigi918082020.jpg\",\"width\":1920,\"height\":1269},{\"@type\":\"BreadcrumbList\",\"@id\":\"https:\\\/\\\/rencontresdecalenzana.fr\\\/index.php\\\/edition\\\/#breadcrumb\",\"itemListElement\":[{\"@type\":\"ListItem\",\"position\":1,\"name\":\"Accueil\",\"item\":\"https:\\\/\\\/rencontresdecalenzana.fr\\\/\"},{\"@type\":\"ListItem\",\"position\":2,\"name\":\"Editions rencontres de calenzana\"}]},{\"@type\":\"WebSite\",\"@id\":\"https:\\\/\\\/rencontresdecalenzana.fr\\\/#website\",\"url\":\"https:\\\/\\\/rencontresdecalenzana.fr\\\/\",\"name\":\"Rencontres de Calenzana\",\"description\":\"Musique classiques et contemporaine\",\"publisher\":{\"@id\":\"https:\\\/\\\/rencontresdecalenzana.fr\\\/#organization\"},\"potentialAction\":[{\"@type\":\"SearchAction\",\"target\":{\"@type\":\"EntryPoint\",\"urlTemplate\":\"https:\\\/\\\/rencontresdecalenzana.fr\\\/?s={search_term_string}\"},\"query-input\":{\"@type\":\"PropertyValueSpecification\",\"valueRequired\":true,\"valueName\":\"search_term_string\"}}],\"inLanguage\":\"fr-FR\"},{\"@type\":\"Organization\",\"@id\":\"https:\\\/\\\/rencontresdecalenzana.fr\\\/#organization\",\"name\":\"Musical RMCC\",\"url\":\"https:\\\/\\\/rencontresdecalenzana.fr\\\/\",\"logo\":{\"@type\":\"ImageObject\",\"inLanguage\":\"fr-FR\",\"@id\":\"https:\\\/\\\/rencontresdecalenzana.fr\\\/#\\\/schema\\\/logo\\\/image\\\/\",\"url\":\"https:\\\/\\\/rencontresdecalenzana.fr\\\/wp-content\\\/uploads\\\/2020\\\/10\\\/Logo_RMCC_black.png\",\"contentUrl\":\"https:\\\/\\\/rencontresdecalenzana.fr\\\/wp-content\\\/uploads\\\/2020\\\/10\\\/Logo_RMCC_black.png\",\"width\":526,\"height\":178,\"caption\":\"Musical RMCC\"},\"image\":{\"@id\":\"https:\\\/\\\/rencontresdecalenzana.fr\\\/#\\\/schema\\\/logo\\\/image\\\/\"}}]}<\/script>\n<!-- \/ Yoast SEO plugin. -->","yoast_head_json":{"title":"Editions rencontres de calenzana - Rencontres de Calenzana","robots":{"index":"index","follow":"follow","max-snippet":"max-snippet:-1","max-image-preview":"max-image-preview:large","max-video-preview":"max-video-preview:-1"},"canonical":"https:\/\/rencontresdecalenzana.fr\/index.php\/edition\/","og_locale":"fr_FR","og_type":"article","og_title":"Editions rencontres de calenzana - Rencontres de Calenzana","og_description":"Les rencontres Les \u00e9ditions Les rencontres f\u00eatent leurs 20 ans ! La 20 \u00e8me \u00e9dition \u201c On a pas tous les jours 20 ans ! Rendez-vous pour la 21\u00e8me \u00e9dition, du17 au 22 ao\u00fbt 2021 ! Rendez-vous incontournable de la sc\u00e8ne musicale Corse, les Rencontres...","og_url":"https:\/\/rencontresdecalenzana.fr\/index.php\/edition\/","og_site_name":"Rencontres de Calenzana","article_modified_time":"2022-06-20T10:59:38+00:00","og_image":[{"url":"https:\/\/rencontresdecalenzana.fr\/wp-content\/uploads\/2020\/10\/asandrineluigi918082020-1024x677.jpg","type":"","width":"","height":""}],"twitter_card":"summary_large_image","twitter_misc":{"Dur\u00e9e de lecture estim\u00e9e":"1 minute"},"schema":{"@context":"https:\/\/schema.org","@graph":[{"@type":"WebPage","@id":"https:\/\/rencontresdecalenzana.fr\/index.php\/edition\/","url":"https:\/\/rencontresdecalenzana.fr\/index.php\/edition\/","name":"Editions rencontres de calenzana - Rencontres de Calenzana","isPartOf":{"@id":"https:\/\/rencontresdecalenzana.fr\/#website"},"primaryImageOfPage":{"@id":"https:\/\/rencontresdecalenzana.fr\/index.php\/edition\/#primaryimage"},"image":{"@id":"https:\/\/rencontresdecalenzana.fr\/index.php\/edition\/#primaryimage"},"thumbnailUrl":"https:\/\/rencontresdecalenzana.fr\/wp-content\/uploads\/2020\/10\/asandrineluigi918082020-1024x677.jpg","datePublished":"2020-09-07T13:20:13+00:00","dateModified":"2022-06-20T10:59:38+00:00","breadcrumb":{"@id":"https:\/\/rencontresdecalenzana.fr\/index.php\/edition\/#breadcrumb"},"inLanguage":"fr-FR","potentialAction":[{"@type":"ReadAction","target":["https:\/\/rencontresdecalenzana.fr\/index.php\/edition\/"]}]},{"@type":"ImageObject","inLanguage":"fr-FR","@id":"https:\/\/rencontresdecalenzana.fr\/index.php\/edition\/#primaryimage","url":"https:\/\/rencontresdecalenzana.fr\/wp-content\/uploads\/2020\/10\/asandrineluigi918082020.jpg","contentUrl":"https:\/\/rencontresdecalenzana.fr\/wp-content\/uploads\/2020\/10\/asandrineluigi918082020.jpg","width":1920,"height":1269},{"@type":"BreadcrumbList","@id":"https:\/\/rencontresdecalenzana.fr\/index.php\/edition\/#breadcrumb","itemListElement":[{"@type":"ListItem","position":1,"name":"Accueil","item":"https:\/\/rencontresdecalenzana.fr\/"},{"@type":"ListItem","position":2,"name":"Editions rencontres de calenzana"}]},{"@type":"WebSite","@id":"https:\/\/rencontresdecalenzana.fr\/#website","url":"https:\/\/rencontresdecalenzana.fr\/","name":"Rencontres de Calenzana","description":"Musique classiques et contemporaine","publisher":{"@id":"https:\/\/rencontresdecalenzana.fr\/#organization"},"potentialAction":[{"@type":"SearchAction","target":{"@type":"EntryPoint","urlTemplate":"https:\/\/rencontresdecalenzana.fr\/?s={search_term_string}"},"query-input":{"@type":"PropertyValueSpecification","valueRequired":true,"valueName":"search_term_string"}}],"inLanguage":"fr-FR"},{"@type":"Organization","@id":"https:\/\/rencontresdecalenzana.fr\/#organization","name":"Musical RMCC","url":"https:\/\/rencontresdecalenzana.fr\/","logo":{"@type":"ImageObject","inLanguage":"fr-FR","@id":"https:\/\/rencontresdecalenzana.fr\/#\/schema\/logo\/image\/","url":"https:\/\/rencontresdecalenzana.fr\/wp-content\/uploads\/2020\/10\/Logo_RMCC_black.png","contentUrl":"https:\/\/rencontresdecalenzana.fr\/wp-content\/uploads\/2020\/10\/Logo_RMCC_black.png","width":526,"height":178,"caption":"Musical RMCC"},"image":{"@id":"https:\/\/rencontresdecalenzana.fr\/#\/schema\/logo\/image\/"}}]}},"_links":{"self":[{"href":"https:\/\/rencontresdecalenzana.fr\/index.php\/wp-json\/wp\/v2\/pages\/967","targetHints":{"allow":["GET"]}}],"collection":[{"href":"https:\/\/rencontresdecalenzana.fr\/index.php\/wp-json\/wp\/v2\/pages"}],"about":[{"href":"https:\/\/rencontresdecalenzana.fr\/index.php\/wp-json\/wp\/v2\/types\/page"}],"author":[{"embeddable":true,"href":"https:\/\/rencontresdecalenzana.fr\/index.php\/wp-json\/wp\/v2\/users\/1"}],"replies":[{"embeddable":true,"href":"https:\/\/rencontresdecalenzana.fr\/index.php\/wp-json\/wp\/v2\/comments?post=967"}],"version-history":[{"count":24,"href":"https:\/\/rencontresdecalenzana.fr\/index.php\/wp-json\/wp\/v2\/pages\/967\/revisions"}],"predecessor-version":[{"id":4906,"href":"https:\/\/rencontresdecalenzana.fr\/index.php\/wp-json\/wp\/v2\/pages\/967\/revisions\/4906"}],"wp:attachment":[{"href":"https:\/\/rencontresdecalenzana.fr\/index.php\/wp-json\/wp\/v2\/media?parent=967"}],"curies":[{"name":"wp","href":"https:\/\/api.w.org\/{rel}","templated":true}]}}